{"id":25347,"date":"2013-04-28T23:12:01","date_gmt":"2013-04-29T04:12:01","guid":{"rendered":"https:\/\/chep.agriskills.ca\/?page_id=25347&#038;lang=fr"},"modified":"2019-12-19T12:08:11","modified_gmt":"2019-12-19T17:08:11","slug":"accueil","status":"publish","type":"page","link":"https:\/\/chep.agriskills.ca\/fr\/","title":{"rendered":"Accueil"},"content":{"rendered":"<p>[et_pb_section fb_built=&#8221;1&#8243; fullwidth=&#8221;on&#8221; custom_padding_last_edited=&#8221;on|desktop&#8221; admin_label=&#8221;section&#8221; _builder_version=&#8221;3.0.47&#8243; background_color=&#8221;#f84b48&#8243; background_image=&#8221;https:\/\/chep.agriskills.ca\/wp-content\/uploads\/2013\/04\/poultry-production.png&#8221; custom_padding_tablet=&#8221;50px|0|50px|0&#8243; padding_mobile=&#8221;off&#8221;][et_pb_fullwidth_slider show_arrows=&#8221;off&#8221; show_pagination=&#8221;off&#8221; show_content_on_mobile=&#8221;off&#8221; disabled_on=&#8221;off|off|off&#8221; admin_label=&#8221;Fullwidth Slider&#8221; _builder_version=&#8221;3.5.1&#8243; parallax=&#8221;on&#8221; box_shadow_style=&#8221;preset6&#8243; box_shadow_blur=&#8221;10px&#8221; box_shadow_color=&#8221;rgba(0,0,0,0.1)&#8221; custom_padding=&#8221;|||&#8221; custom_padding_tablet=&#8221;|||&#8221; custom_padding_phone=&#8221;|||&#8221; hide_content_on_mobile=&#8221;on&#8221; show_inner_shadow=&#8221;on&#8221;][et_pb_slide heading=&#8221;Les Producteurs d\u2019\u0153ufs d&#8217;incubation du Canada&#8221; button_text=&#8221;Voir les cours&#8221; button_link=&#8221;\/fr\/courses\/principes-fondamentaux-de-la-production-doeufs-dincubation\/&#8221; use_bg_overlay=&#8221;off&#8221; use_text_overlay=&#8221;on&#8221; text_overlay_color=&#8221;rgba(43,45,63,0.6)&#8221; admin_title=&#8221;Formation en ligne pour les Producteurs d\u2019oeufs d\u2019incubation du Canada&#8221; _builder_version=&#8221;3.5.1&#8243; header_font=&#8221;||||&#8221; header_font_size=&#8221;65&#8243; header_font_size_tablet=&#8221;42&#8243; header_font_size_phone=&#8221;42&#8243; header_line_height=&#8221;1.5em&#8221; header_line_height_tablet=&#8221;1.5em&#8221; header_line_height_phone=&#8221;1.5em&#8221; body_font=&#8221;||||&#8221; background_color=&#8221;#ffffff&#8221; background_image=&#8221;https:\/\/chep.agriskills.ca\/wp-content\/uploads\/2013\/04\/poultry-production.png&#8221; background_size=&#8221;contain&#8221; custom_button=&#8221;on&#8221; button_text_color=&#8221;#fafafa&#8221; button_bg_color=&#8221;rgba(186,152,0,0.71)&#8221; button_border_width=&#8221;4px&#8221; button_border_color=&#8221;#fafafa&#8221; button_font=&#8221;|on|||&#8221; button_use_icon=&#8221;off&#8221; button_text_color_hover=&#8221;#fafafa&#8221; button_bg_color_hover=&#8221;#b99f30&#8243; button_border_color_hover=&#8221;#fafafa&#8221; button_border_radius_hover=&#8221;3px&#8221;]<\/p>\n<p>Formation en ligne d\u00e9velopp\u00e9e par les Producteurs d\u2019\u0153ufs d\u2019incubation du Canada<\/p>\n<p>[\/et_pb_slide][\/et_pb_fullwidth_slider][\/et_pb_section][et_pb_section fb_built=&#8221;1&#8243; inner_shadow=&#8221;on&#8221; custom_padding_last_edited=&#8221;on|desktop&#8221; admin_label=&#8221;section&#8221; _builder_version=&#8221;3.0.47&#8243; background_color=&#8221;rgba(185,159,48,0.97)&#8221; custom_padding_tablet=&#8221;50px|0|50px|0&#8243; padding_mobile=&#8221;off&#8221;][et_pb_row custom_padding=&#8221;0px|0px|0px|0px&#8221; padding_mobile=&#8221;off&#8221; column_padding_mobile=&#8221;on&#8221; admin_label=&#8221;row&#8221; _builder_version=&#8221;3.0.47&#8243; background_size=&#8221;initial&#8221; background_position=&#8221;top_left&#8221; background_repeat=&#8221;repeat&#8221;][et_pb_column type=&#8221;4_4&#8243; _builder_version=&#8221;3.0.47&#8243; column_padding_mobile=&#8221;on&#8221; parallax=&#8221;off&#8221; parallax_method=&#8221;on&#8221;][et_pb_text admin_label=&#8221;Text&#8221; _builder_version=&#8221;3.5.1&#8243; text_font_size=&#8221;18px&#8221; background_size=&#8221;initial&#8221; background_position=&#8221;top_left&#8221; background_repeat=&#8221;repeat&#8221; text_orientation=&#8221;center&#8221; background_layout=&#8221;dark&#8221; module_alignment=&#8221;center&#8221;]<\/p>\n<p>Bienvenue sur le site de <strong>formation en ligne des<\/strong> <strong>Producteurs d\u2019\u0153ufs d&#8217;incubation du Canada<\/strong>.<\/p>\n<p>Nos cours en ligne vous aideront \u00e0 am\u00e9liorer\u00a0les rendements de votre exploitation et \u00e0 mieux comprendre l\u2019industrie canadienne du poulet. Ils permettent aux producteurs d\u2019\u0153ufs d\u2019incubation de se tenir au courant des normes et des principes les plus r\u00e9cents en mati\u00e8re de s\u00e9curit\u00e9 alimentaire et des nouveaut\u00e9s dans l\u2019industrie du poulet.\u00a0Les cours des POIC sont accessibles en tout temps et en tout lieu.\u00a0Faites d\u00e9filer l\u2019\u00e9cran vers le bas pour\u00a0en savoir plus sur les\u00a0cours\u00a0actuellement offerts.<\/p>\n<p>[\/et_pb_text][\/et_pb_column][\/et_pb_row][\/et_pb_section][et_pb_section fb_built=&#8221;1&#8243; custom_padding_last_edited=&#8221;on|desktop&#8221; admin_label=&#8221;section&#8221; _builder_version=&#8221;3.0.47&#8243; background_color=&#8221;rgba(255,255,255,0)&#8221; background_image=&#8221;https:\/\/chep.agriskills.ca\/wp-content\/uploads\/2016\/10\/egg-1385315_1920.jpg&#8221; custom_padding=&#8221;0px|0px|0px|0px&#8221; custom_padding_tablet=&#8221;50px|0|50px|0&#8243; transparent_background=&#8221;on&#8221; padding_mobile=&#8221;off&#8221;][et_pb_row padding_mobile=&#8221;off&#8221; column_padding_mobile=&#8221;on&#8221; admin_label=&#8221;Row&#8221; _builder_version=&#8221;3.0.47&#8243; background_size=&#8221;initial&#8221; background_position=&#8221;top_left&#8221; background_repeat=&#8221;repeat&#8221;][et_pb_column type=&#8221;1_3&#8243; _builder_version=&#8221;3.0.47&#8243; column_padding_mobile=&#8221;on&#8221; parallax=&#8221;off&#8221; parallax_method=&#8221;on&#8221;][et_pb_blurb title=&#8221;Apprentissage en ligne&#8221; use_icon=&#8221;on&#8221; font_icon=&#8221;\ue00e&#8221; icon_color=&#8221;#fafafa&#8221; use_circle=&#8221;on&#8221; admin_label=&#8221;Blurb&#8221; _builder_version=&#8221;3.0.47&#8243; background_size=&#8221;initial&#8221; background_position=&#8221;top_left&#8221; background_repeat=&#8221;repeat&#8221; text_orientation=&#8221;center&#8221; background_layout=&#8221;dark&#8221;]<\/p>\n<div>\n<p><span id=\"ouHighlight__0_9TO0_8\" class=\"\"><\/span>Accessible en tout temps et en tout lieu.<\/p>\n<\/div>\n<p>[\/et_pb_blurb][\/et_pb_column][et_pb_column type=&#8221;1_3&#8243; _builder_version=&#8221;3.0.47&#8243; column_padding_mobile=&#8221;on&#8221; parallax=&#8221;off&#8221; parallax_method=&#8221;on&#8221;][et_pb_blurb title=&#8221;Formule progressiste&#8221; use_icon=&#8221;on&#8221; font_icon=&#8221;\ue003&#8221; icon_color=&#8221;#fafafa&#8221; use_circle=&#8221;on&#8221; admin_label=&#8221;Blurb&#8221; _builder_version=&#8221;3.0.47&#8243; background_size=&#8221;initial&#8221; background_position=&#8221;top_left&#8221; background_repeat=&#8221;repeat&#8221; text_orientation=&#8221;center&#8221; background_layout=&#8221;dark&#8221;]<\/p>\n<p>En phase avec les pratiques et les proc\u00e9dures les plus r\u00e9centes.<\/p>\n<p>[\/et_pb_blurb][\/et_pb_column][et_pb_column type=&#8221;1_3&#8243; _builder_version=&#8221;3.0.47&#8243; column_padding_mobile=&#8221;on&#8221; parallax=&#8221;off&#8221; parallax_method=&#8221;on&#8221;][et_pb_blurb title=&#8221;Soutien \u00e0 la client\u00e8le&#8221; use_icon=&#8221;on&#8221; font_icon=&#8221;\ue028&#8221; icon_color=&#8221;#fafafa&#8221; use_circle=&#8221;on&#8221; admin_label=&#8221;Blurb&#8221; _builder_version=&#8221;3.0.47&#8243; background_size=&#8221;initial&#8221; background_position=&#8221;top_left&#8221; background_repeat=&#8221;repeat&#8221; text_orientation=&#8221;center&#8221; background_layout=&#8221;dark&#8221;]<\/p>\n<p>Contactez les POIC pour obtenir de l&#8217;aide\u00a0 et des informations.<\/p>\n<p>[\/et_pb_blurb][\/et_pb_column][\/et_pb_row][\/et_pb_section][et_pb_section fb_built=&#8221;1&#8243; inner_shadow=&#8221;on&#8221; custom_padding_last_edited=&#8221;on|desktop&#8221; admin_label=&#8221;section&#8221; _builder_version=&#8221;3.0.47&#8243; background_image=&#8221;https:\/\/chep.agriskills.ca\/wp-content\/uploads\/2016\/05\/halftone_bg.png&#8221; parallax=&#8221;on&#8221; custom_padding_tablet=&#8221;50px|0|50px|0&#8243; padding_mobile=&#8221;off&#8221;][et_pb_row custom_padding=&#8221;0px|0px|0px|0px&#8221; padding_mobile=&#8221;off&#8221; column_padding_mobile=&#8221;on&#8221; admin_label=&#8221;row&#8221; _builder_version=&#8221;3.0.47&#8243; background_size=&#8221;initial&#8221; background_position=&#8221;top_left&#8221; background_repeat=&#8221;repeat&#8221;][et_pb_column type=&#8221;4_4&#8243; _builder_version=&#8221;3.0.47&#8243; column_padding_mobile=&#8221;on&#8221; parallax=&#8221;off&#8221; parallax_method=&#8221;on&#8221;][et_pb_text admin_label=&#8221;Text&#8221; _builder_version=&#8221;3.5.1&#8243; background_size=&#8221;initial&#8221; background_position=&#8221;top_left&#8221; background_repeat=&#8221;repeat&#8221; text_orientation=&#8221;center&#8221; module_alignment=&#8221;center&#8221;]<\/p>\n<div id=\"destText\" class=\"textArea\">\n<h2 style=\"text-align: center;\"><span id=\"noHighlight_0.3185343120229759\">\u00c0 qui cela s\u2019adresse-t-il?<\/span><b style=\"mso-bidi-font-weight: normal;\"><\/b><\/h2>\n<\/div>\n<p>[\/et_pb_text][\/et_pb_column][\/et_pb_row][et_pb_row custom_padding=&#8221;0px|0px|5px|0px|false|false&#8221; column_padding_mobile=&#8221;on&#8221; admin_label=&#8221;row&#8221; _builder_version=&#8221;3.0.47&#8243; background_size=&#8221;initial&#8221; background_position=&#8221;top_left&#8221; background_repeat=&#8221;repeat&#8221;][et_pb_column type=&#8221;1_3&#8243; _builder_version=&#8221;3.0.47&#8243; column_padding_mobile=&#8221;on&#8221; parallax=&#8221;off&#8221; parallax_method=&#8221;on&#8221;][et_pb_blurb title=&#8221;Nouveaux employ\u00e9s&#8221; image=&#8221;https:\/\/chep.agriskills.ca\/wp-content\/uploads\/2016\/10\/1-4.png&#8221; alt=&#8221;1.&#8221; admin_label=&#8221;Blurb&#8221; _builder_version=&#8221;3.5.1&#8243; body_text_color=&#8221;#d1d1d3&#8243; background_size=&#8221;initial&#8221; background_position=&#8221;top_left&#8221; background_repeat=&#8221;repeat&#8221; text_orientation=&#8221;center&#8221;]<\/p>\n<p><span style=\"color: #2d2a32;\">Assurez-vous d\u2019avoir les comp\u00e9tences de base n\u00e9cessaires<\/span>.<\/p>\n<p>[\/et_pb_blurb][\/et_pb_column][et_pb_column type=&#8221;1_3&#8243; _builder_version=&#8221;3.0.47&#8243; column_padding_mobile=&#8221;on&#8221; parallax=&#8221;off&#8221; parallax_method=&#8221;on&#8221;][et_pb_blurb title=&#8221;Employ\u00e9s en perfectionnement &#8221; image=&#8221;https:\/\/chep.agriskills.ca\/wp-content\/uploads\/2016\/10\/2-4.png&#8221; alt=&#8221;2.&#8221; admin_label=&#8221;Blurb&#8221; _builder_version=&#8221;3.0.47&#8243; body_text_color=&#8221;#d1d1d3&#8243; background_size=&#8221;initial&#8221; background_position=&#8221;top_left&#8221; background_repeat=&#8221;repeat&#8221; text_orientation=&#8221;center&#8221;]<\/p>\n<p><span style=\"color: #2b2d3f;\">Am\u00e9liorez vos comp\u00e9tences pour pouvoir ex\u00e9cuter de nouvelles t\u00e2ches.<\/span><\/p>\n<p>[\/et_pb_blurb][\/et_pb_column][et_pb_column type=&#8221;1_3&#8243; _builder_version=&#8221;3.0.47&#8243; column_padding_mobile=&#8221;on&#8221; parallax=&#8221;off&#8221; parallax_method=&#8221;on&#8221;][et_pb_blurb title=&#8221;Superviseurs&#8221; image=&#8221;https:\/\/chep.agriskills.ca\/wp-content\/uploads\/2016\/10\/3-4.png&#8221; alt=&#8221;3.&#8221; admin_label=&#8221;Blurb&#8221; _builder_version=&#8221;3.0.47&#8243; body_text_color=&#8221;#d1d1d3&#8243; background_size=&#8221;initial&#8221; background_position=&#8221;top_left&#8221; background_repeat=&#8221;repeat&#8221; text_orientation=&#8221;center&#8221;]<\/p>\n<p><span style=\"color: #2d2a32;\">Maintenez et rafra\u00eechissez vos connaissances et comp\u00e9tences.<\/span><\/p>\n<p>[\/et_pb_blurb][\/et_pb_column][\/et_pb_row][\/et_pb_section]<\/p>\n","protected":false},"excerpt":{"rendered":"<p>Formation en ligne d\u00e9velopp\u00e9e par les Producteurs d\u2019\u0153ufs d\u2019incubation du CanadaBienvenue sur le site de formation en ligne des Producteurs d\u2019\u0153ufs d&#8217;incubation du Canada. Nos cours en ligne vous aideront \u00e0 am\u00e9liorer\u00a0les rendements de votre exploitation et \u00e0 mieux comprendre l\u2019industrie canadienne du poulet. Ils permettent aux producteurs d\u2019\u0153ufs d\u2019incubation de se tenir au courant [&hellip;]<\/p>\n","protected":false},"author":11558,"featured_media":0,"parent":0,"menu_order":0,"comment_status":"closed","ping_status":"closed","template":"","meta":{"_et_pb_use_builder":"on","_et_pb_old_content":"<h1>How To Use This Site<\/h1><ol><li style=\"text-align: left;\"><span class=\"has-tip\" title=\"Click the Register button below to create a username and password.\" data-tooltip=\"\">Register<\/span> for a free user account.<\/li><li style=\"text-align: left;\">Check your email for your account credentials.<\/li><li style=\"text-align: left;\">Log into the LMS and choose your course.<\/li><\/ol><p>\u00a0<\/p><div class=\"panel\">\u00a0<\/div>","_et_gb_content_width":"","footnotes":""},"class_list":["post-25347","page","type-page","status-publish","hentry"],"_links":{"self":[{"href":"https:\/\/chep.agriskills.ca\/fr\/wp-json\/wp\/v2\/pages\/25347","targetHints":{"allow":["GET"]}}],"collection":[{"href":"https:\/\/chep.agriskills.ca\/fr\/wp-json\/wp\/v2\/pages"}],"about":[{"href":"https:\/\/chep.agriskills.ca\/fr\/wp-json\/wp\/v2\/types\/page"}],"author":[{"embeddable":true,"href":"https:\/\/chep.agriskills.ca\/fr\/wp-json\/wp\/v2\/users\/11558"}],"replies":[{"embeddable":true,"href":"https:\/\/chep.agriskills.ca\/fr\/wp-json\/wp\/v2\/comments?post=25347"}],"version-history":[{"count":0,"href":"https:\/\/chep.agriskills.ca\/fr\/wp-json\/wp\/v2\/pages\/25347\/revisions"}],"wp:attachment":[{"href":"https:\/\/chep.agriskills.ca\/fr\/wp-json\/wp\/v2\/media?parent=25347"}],"curies":[{"name":"wp","href":"https:\/\/api.w.org\/{rel}","templated":true}]}}