{"id":25846,"date":"2016-10-26T13:22:47","date_gmt":"2016-10-26T18:22:47","guid":{"rendered":"https:\/\/chep.agriskills.ca\/fr\/?page_id=25846"},"modified":"2018-05-31T11:21:21","modified_gmt":"2018-05-31T16:21:21","slug":"politique-de-confidentialite","status":"publish","type":"page","link":"https:\/\/chep.agriskills.ca\/fr\/politique-de-confidentialite\/","title":{"rendered":"Politique de confidentialit\u00e9"},"content":{"rendered":"<p>Le Conseil canadien pour les ressources humaines en agriculture (CCRHA) s\u2019engage \u00e0 prot\u00e9ger les renseignements personnels et \u00e0 se conformer aux lois canadiennes sur la confidentialit\u00e9, incluant la Loi sur la protection des renseignements personnels et des documents \u00e9lectroniques.<\/p>\n<p>Le but de ce document est de clarifier ce qu\u2019est un &#8220;renseignement personnel&#8221; ainsi que la politique du CCRHA concernant la collection, l\u2019utilisation et la divulgation de renseignements et les droits des individus \u00e0 cet \u00e9gard.<\/p>\n<p>Les &#8220;renseignements personnels&#8221; sont constitu\u00e9s d\u2019informations qui permettent d\u2019identifier un individu, tel son nom, son adresse \u00e0 domicile, son num\u00e9ro de t\u00e9l\u00e9phone ou son adresse courriel \u00e0 domicile, etc., ou ceux qui sont directement associ\u00e9es \u00e0 une personne sp\u00e9cifique, tel que de l\u2019information concernant sa carte de cr\u00e9dit. Tout renseignement personnel de ce genre est trait\u00e9 de fa\u00e7on strictement confidentielle par le CCHRA et n\u2019est pas vendu ni lou\u00e9 \u00e0 une tierce partie. Le conseil doit, \u00e0 l\u2019occasion, fournir des donn\u00e9es et des statistiques, tir\u00e9s des renseignements qu\u2019elle conserve, aux autorit\u00e9s gouvernementales ou \u00e0 d\u2019autres organismes de connexes. Dans ces cas, aucun renseignement pouvant mener sp\u00e9cifiquement \u00e0 l\u2019identification d\u2019un individu n\u2019est pas divulgu\u00e9.<\/p>\n","protected":false},"excerpt":{"rendered":"<p>Le Conseil canadien pour les ressources humaines en agriculture (CCRHA) s\u2019engage \u00e0 prot\u00e9ger les renseignements personnels et \u00e0 se conformer aux lois canadiennes sur la confidentialit\u00e9, incluant la Loi sur la protection des renseignements personnels et des documents \u00e9lectroniques. Le but de ce document est de clarifier ce qu\u2019est un &#8220;renseignement personnel&#8221; ainsi que la [&hellip;]<\/p>\n","protected":false},"author":11558,"featured_media":0,"parent":0,"menu_order":0,"comment_status":"closed","ping_status":"closed","template":"","meta":{"_et_pb_use_builder":"","_et_pb_old_content":"","_et_gb_content_width":"","footnotes":""},"class_list":["post-25846","page","type-page","status-publish","hentry"],"_links":{"self":[{"href":"https:\/\/chep.agriskills.ca\/fr\/wp-json\/wp\/v2\/pages\/25846","targetHints":{"allow":["GET"]}}],"collection":[{"href":"https:\/\/chep.agriskills.ca\/fr\/wp-json\/wp\/v2\/pages"}],"about":[{"href":"https:\/\/chep.agriskills.ca\/fr\/wp-json\/wp\/v2\/types\/page"}],"author":[{"embeddable":true,"href":"https:\/\/chep.agriskills.ca\/fr\/wp-json\/wp\/v2\/users\/11558"}],"replies":[{"embeddable":true,"href":"https:\/\/chep.agriskills.ca\/fr\/wp-json\/wp\/v2\/comments?post=25846"}],"version-history":[{"count":0,"href":"https:\/\/chep.agriskills.ca\/fr\/wp-json\/wp\/v2\/pages\/25846\/revisions"}],"wp:attachment":[{"href":"https:\/\/chep.agriskills.ca\/fr\/wp-json\/wp\/v2\/media?parent=25846"}],"curies":[{"name":"wp","href":"https:\/\/api.w.org\/{rel}","templated":true}]}}